{"id":2,"date":"2017-11-17T09:02:03","date_gmt":"2017-11-17T09:02:03","guid":{"rendered":"http:\/\/www.harmanrhy.fi\/?page_id=2"},"modified":"2020-11-13T20:13:44","modified_gmt":"2020-11-13T18:13:44","slug":"about","status":"publish","type":"page","link":"https:\/\/www.harmanrhy.fi\/?page_id=2","title":{"rendered":"Esittely"},"content":{"rendered":"\n<p>Riistanhoitoyhdistys on mets\u00e4st\u00e4j\u00e4organisaation paikallistason mets\u00e4stysviranomainen, jonka teht\u00e4v\u00e4n\u00e4 on mets\u00e4styst\u00e4 ja riistanhoitoa koskeva koulutus ja neuvontaty\u00f6, riistanhoidon edist\u00e4minen, mets\u00e4styksen valvonta ja muut sille m\u00e4\u00e4r\u00e4tyt teht\u00e4v\u00e4t. Riistanhoitoyhdistyksen toiminnasta on s\u00e4\u00e4detty mets\u00e4styslain 63 &#8211; 68 \u00a7:ss\u00e4, mets\u00e4stysasetuksen 34 \u00a7:ss\u00e4 ja mets\u00e4st\u00e4j\u00e4organisaation ohjes\u00e4\u00e4nn\u00f6ss\u00e4.mahdollistaa viralliset mets\u00e4stykseen liittyv\u00e4t velvoitteet kuten koulutus, valvonta, ampumakokeet. My\u00f6s luvanvaraisten saalislupien k\u00e4sittely ja lausunnot niihin ovat rhy:n teht\u00e4vi\u00e4.<\/p>\n","protected":false},"excerpt":{"rendered":"<p>Riistanhoitoyhdistys on mets\u00e4st\u00e4j\u00e4organisaation paikallistason mets\u00e4stysviranomainen, jonka teht\u00e4v\u00e4n\u00e4 on mets\u00e4styst\u00e4 ja riistanhoitoa koskeva koulutus ja neuvontaty\u00f6, riistanhoidon edist\u00e4minen, mets\u00e4styksen valvonta ja muut sille m\u00e4\u00e4r\u00e4tyt teht\u00e4v\u00e4t. Riistanhoitoyhdistyksen toiminnasta on s\u00e4\u00e4detty mets\u00e4styslain 63 &#8211; 68 \u00a7:ss\u00e4, mets\u00e4stysasetuksen 34 \u00a7:ss\u00e4 ja mets\u00e4st\u00e4j\u00e4organisaation ohjes\u00e4\u00e4nn\u00f6ss\u00e4.mahdollistaa viralliset mets\u00e4stykseen liittyv\u00e4t velvoitteet kuten koulutus, valvonta, ampumakokeet. My\u00f6s luvanvaraisten saalislupien k\u00e4sittely ja lausunnot niihin ovat [&hellip;]<\/p>\n","protected":false},"author":1,"featured_media":0,"parent":0,"menu_order":0,"comment_status":"closed","ping_status":"open","template":"","meta":{"footnotes":""},"class_list":["post-2","page","type-page","status-publish","hentry"],"_links":{"self":[{"href":"https:\/\/www.harmanrhy.fi\/index.php?rest_route=\/wp\/v2\/pages\/2","targetHints":{"allow":["GET"]}}],"collection":[{"href":"https:\/\/www.harmanrhy.fi\/index.php?rest_route=\/wp\/v2\/pages"}],"about":[{"href":"https:\/\/www.harmanrhy.fi\/index.php?rest_route=\/wp\/v2\/types\/page"}],"author":[{"embeddable":true,"href":"https:\/\/www.harmanrhy.fi\/index.php?rest_route=\/wp\/v2\/users\/1"}],"replies":[{"embeddable":true,"href":"https:\/\/www.harmanrhy.fi\/index.php?rest_route=%2Fwp%2Fv2%2Fcomments&post=2"}],"version-history":[{"count":7,"href":"https:\/\/www.harmanrhy.fi\/index.php?rest_route=\/wp\/v2\/pages\/2\/revisions"}],"predecessor-version":[{"id":113,"href":"https:\/\/www.harmanrhy.fi\/index.php?rest_route=\/wp\/v2\/pages\/2\/revisions\/113"}],"wp:attachment":[{"href":"https:\/\/www.harmanrhy.fi\/index.php?rest_route=%2Fwp%2Fv2%2Fmedia&parent=2"}],"curies":[{"name":"wp","href":"https:\/\/api.w.org\/{rel}","templated":true}]}}