{"id":14,"date":"2020-04-01T14:43:00","date_gmt":"2020-04-01T12:43:00","guid":{"rendered":"http:\/\/www.harmanrhy.fi\/?page_id=14"},"modified":"2020-04-01T15:49:42","modified_gmt":"2020-04-01T13:49:42","slug":"simway-varaukset","status":"publish","type":"page","link":"https:\/\/www.harmanrhy.fi\/?page_id=14","title":{"rendered":"Simway varaukset"},"content":{"rendered":"\n<p>T\u00e4\u00e4lt\u00e4 l\u00f6ytyy Simway-simulaattorin varaukset.<\/p>\n","protected":false},"excerpt":{"rendered":"<p>T\u00e4\u00e4lt\u00e4 l\u00f6ytyy Simway-simulaattorin varaukset.<\/p>\n","protected":false},"author":1,"featured_media":0,"parent":0,"menu_order":4,"comment_status":"closed","ping_status":"closed","template":"","meta":{"footnotes":""},"class_list":["post-14","page","type-page","status-publish","hentry"],"_links":{"self":[{"href":"https:\/\/www.harmanrhy.fi\/index.php?rest_route=\/wp\/v2\/pages\/14","targetHints":{"allow":["GET"]}}],"collection":[{"href":"https:\/\/www.harmanrhy.fi\/index.php?rest_route=\/wp\/v2\/pages"}],"about":[{"href":"https:\/\/www.harmanrhy.fi\/index.php?rest_route=\/wp\/v2\/types\/page"}],"author":[{"embeddable":true,"href":"https:\/\/www.harmanrhy.fi\/index.php?rest_route=\/wp\/v2\/users\/1"}],"replies":[{"embeddable":true,"href":"https:\/\/www.harmanrhy.fi\/index.php?rest_route=%2Fwp%2Fv2%2Fcomments&post=14"}],"version-history":[{"count":2,"href":"https:\/\/www.harmanrhy.fi\/index.php?rest_route=\/wp\/v2\/pages\/14\/revisions"}],"predecessor-version":[{"id":27,"href":"https:\/\/www.harmanrhy.fi\/index.php?rest_route=\/wp\/v2\/pages\/14\/revisions\/27"}],"wp:attachment":[{"href":"https:\/\/www.harmanrhy.fi\/index.php?rest_route=%2Fwp%2Fv2%2Fmedia&parent=14"}],"curies":[{"name":"wp","href":"https:\/\/api.w.org\/{rel}","templated":true}]}}