{"id":12,"date":"2020-04-01T14:41:27","date_gmt":"2020-04-01T12:41:27","guid":{"rendered":"http:\/\/www.harmanrhy.fi\/?page_id=12"},"modified":"2021-02-06T08:29:42","modified_gmt":"2021-02-06T06:29:42","slug":"yhteystietoja","status":"publish","type":"page","link":"https:\/\/www.harmanrhy.fi\/?page_id=12","title":{"rendered":"Yhteystietoja"},"content":{"rendered":"\n<p><strong>Toiminnanohjaaja<\/strong><br>Kalle Ruotsala<br>+358505753433<br>ruotsala0POISTAT\u00c4M\u00c4@gmail.com<br>Porontie 146, 62375 Ylih\u00e4rm\u00e4<\/p>\n\n\n\n<p><\/p>\n\n\n\n<p><strong>Petoyhdysmiehet<\/strong><br>Jouko K\u00e4ns\u00e4kangas +358400748567 jokke.joutilasPOISTAT\u00c4M\u00c4@gmail.com<br>Antti Isotalo +358405827241 antti.k.isotaloPOISTAT\u00c4M\u00c4@netikka.fi<br>Tomi Rantanen +358405290077 tomi.rantanenPOISTAT\u00c4M\u00c4@hotmail.com<br>Matti Rintanen +358405213058 mattirintanen101POISTAT\u00c4M\u00c4@gmail.com<br>Jani Ekola +358503126086 jmeko84POISTAT\u00c4M\u00c4@gmail.com<br>Mikko Salim\u00e4ki +358505778074 mikko.salimaki.rhyPOISTAT\u00c4M\u00c4@netikka.fi<br>Jari Asuintupa +358452169370 jari.asuintupaPOISTAT\u00c4M\u00c4@hotmail.com<br>Jukka Yliketola +358503771451 jyliketolaPOISTAT\u00c4M\u00c4@gmail.com<\/p>\n","protected":false},"excerpt":{"rendered":"<p>ToiminnanohjaajaKalle Ruotsala+358505753433ruotsala0POISTAT\u00c4M\u00c4@gmail.comPorontie 146, 62375 Ylih\u00e4rm\u00e4 PetoyhdysmiehetJouko K\u00e4ns\u00e4kangas +358400748567 jokke.joutilasPOISTAT\u00c4M\u00c4@gmail.comAntti Isotalo +358405827241 antti.k.isotaloPOISTAT\u00c4M\u00c4@netikka.fiTomi Rantanen +358405290077 tomi.rantanenPOISTAT\u00c4M\u00c4@hotmail.comMatti Rintanen +358405213058 mattirintanen101POISTAT\u00c4M\u00c4@gmail.comJani Ekola +358503126086 jmeko84POISTAT\u00c4M\u00c4@gmail.comMikko Salim\u00e4ki +358505778074 mikko.salimaki.rhyPOISTAT\u00c4M\u00c4@netikka.fiJari Asuintupa +358452169370 jari.asuintupaPOISTAT\u00c4M\u00c4@hotmail.comJukka Yliketola +358503771451 jyliketolaPOISTAT\u00c4M\u00c4@gmail.com<\/p>\n","protected":false},"author":1,"featured_media":0,"parent":0,"menu_order":2,"comment_status":"closed","ping_status":"closed","template":"","meta":{"footnotes":""},"class_list":["post-12","page","type-page","status-publish","hentry"],"_links":{"self":[{"href":"https:\/\/www.harmanrhy.fi\/index.php?rest_route=\/wp\/v2\/pages\/12","targetHints":{"allow":["GET"]}}],"collection":[{"href":"https:\/\/www.harmanrhy.fi\/index.php?rest_route=\/wp\/v2\/pages"}],"about":[{"href":"https:\/\/www.harmanrhy.fi\/index.php?rest_route=\/wp\/v2\/types\/page"}],"author":[{"embeddable":true,"href":"https:\/\/www.harmanrhy.fi\/index.php?rest_route=\/wp\/v2\/users\/1"}],"replies":[{"embeddable":true,"href":"https:\/\/www.harmanrhy.fi\/index.php?rest_route=%2Fwp%2Fv2%2Fcomments&post=12"}],"version-history":[{"count":13,"href":"https:\/\/www.harmanrhy.fi\/index.php?rest_route=\/wp\/v2\/pages\/12\/revisions"}],"predecessor-version":[{"id":126,"href":"https:\/\/www.harmanrhy.fi\/index.php?rest_route=\/wp\/v2\/pages\/12\/revisions\/126"}],"wp:attachment":[{"href":"https:\/\/www.harmanrhy.fi\/index.php?rest_route=%2Fwp%2Fv2%2Fmedia&parent=12"}],"curies":[{"name":"wp","href":"https:\/\/api.w.org\/{rel}","templated":true}]}}